{"id":107,"date":"2025-02-23T17:05:59","date_gmt":"2025-02-23T16:05:59","guid":{"rendered":"https:\/\/conjumine.com\/?page_id=107"},"modified":"2025-04-20T16:20:21","modified_gmt":"2025-04-20T14:20:21","slug":"ressources-methode","status":"publish","type":"page","link":"https:\/\/conjumine.com\/?page_id=107","title":{"rendered":"Ressources &#8211; m\u00e9thode"},"content":{"rendered":"\n<figure class=\"wp-block-image size-large\"><img loading=\"lazy\" decoding=\"async\" width=\"1024\" height=\"730\" src=\"https:\/\/conjumine.com\/wp-content\/uploads\/2025\/03\/Histoire-de-Conjumine-1024x730.jpg\" alt=\"\" class=\"wp-image-176\" srcset=\"https:\/\/conjumine.com\/wp-content\/uploads\/2025\/03\/Histoire-de-Conjumine-1024x730.jpg 1024w, https:\/\/conjumine.com\/wp-content\/uploads\/2025\/03\/Histoire-de-Conjumine-300x214.jpg 300w, https:\/\/conjumine.com\/wp-content\/uploads\/2025\/03\/Histoire-de-Conjumine-768x548.jpg 768w, https:\/\/conjumine.com\/wp-content\/uploads\/2025\/03\/Histoire-de-Conjumine.jpg 1042w\" sizes=\"auto, (max-width: 1024px) 100vw, 1024px\" \/><\/figure>\n\n\n\n<div class=\"wp-block-file\"><a id=\"wp-block-file--media-3e8201a7-0a90-4e11-8592-6fc50b1264b0\" href=\"https:\/\/conjumine.com\/wp-content\/uploads\/2025\/03\/lhistoire-de-Conjumine.pdf\">l&rsquo;histoire de Conjumine<\/a><a href=\"https:\/\/conjumine.com\/wp-content\/uploads\/2025\/03\/lhistoire-de-Conjumine.pdf\" class=\"wp-block-file__button wp-element-button\" download aria-describedby=\"wp-block-file--media-3e8201a7-0a90-4e11-8592-6fc50b1264b0\">T\u00e9l\u00e9charger<\/a><\/div>\n\n\n\n<div class=\"wp-block-file\"><a id=\"wp-block-file--media-5f10ec41-a835-4a9d-ab59-4d8432170c74\" href=\"https:\/\/conjumine.com\/wp-content\/uploads\/2025\/03\/livre-du-maitre.pdf\">livre du ma\u00eetre<\/a><a href=\"https:\/\/conjumine.com\/wp-content\/uploads\/2025\/03\/livre-du-maitre.pdf\" class=\"wp-block-file__button wp-element-button\" download aria-describedby=\"wp-block-file--media-5f10ec41-a835-4a9d-ab59-4d8432170c74\">T\u00e9l\u00e9charger<\/a><\/div>\n\n\n\n<p class=\"has-small-font-size\">Il est int\u00e9ressant de parcourir le livre du maitre pour avoir des compl\u00e9ments d&rsquo;informations sur la m\u00e9thode.<\/p>\n\n\n\n<div class=\"wp-block-file\"><a id=\"wp-block-file--media-0c0e43d5-c14d-4f06-acdf-e7b0d27cf34e\" href=\"https:\/\/conjumine.com\/wp-content\/uploads\/2025\/03\/livret-daide-pour-enfant.pdf\">livret d&rsquo;aide pour enfant<\/a><a href=\"https:\/\/conjumine.com\/wp-content\/uploads\/2025\/03\/livret-daide-pour-enfant.pdf\" class=\"wp-block-file__button wp-element-button\" download aria-describedby=\"wp-block-file--media-0c0e43d5-c14d-4f06-acdf-e7b0d27cf34e\">T\u00e9l\u00e9charger<\/a><\/div>\n\n\n\n<p class=\"has-small-font-size\">Il faut un livret d&rsquo;aide pour chaque \u00e9l\u00e8ve.<\/p>\n\n\n\n<div class=\"wp-block-file\"><a id=\"wp-block-file--media-ca3581bd-aeb1-45e4-acb7-2d3e527fa1a6\" href=\"https:\/\/conjumine.com\/wp-content\/uploads\/2025\/03\/jeu-des-diamants-pour-CE1.pdf\">jeu des diamants pour CE1<\/a><a href=\"https:\/\/conjumine.com\/wp-content\/uploads\/2025\/03\/jeu-des-diamants-pour-CE1.pdf\" class=\"wp-block-file__button wp-element-button\" download aria-describedby=\"wp-block-file--media-ca3581bd-aeb1-45e4-acb7-2d3e527fa1a6\">T\u00e9l\u00e9charger<\/a><\/div>\n\n\n\n<p class=\"has-small-font-size\">Le jeu des diamants est un jeu d&rsquo;entrainement ludique. <\/p>\n\n\n\n<div class=\"wp-block-file\"><a id=\"wp-block-file--media-18debbb0-cb93-4b3b-baf4-6d68a35e6c6d\" href=\"https:\/\/conjumine.com\/wp-content\/uploads\/2025\/03\/jeu-des-diamants-pour-CE2-et-CM.pdf\">jeu des diamants pour CE2 et CM<\/a><a href=\"https:\/\/conjumine.com\/wp-content\/uploads\/2025\/03\/jeu-des-diamants-pour-CE2-et-CM.pdf\" class=\"wp-block-file__button wp-element-button\" download aria-describedby=\"wp-block-file--media-18debbb0-cb93-4b3b-baf4-6d68a35e6c6d\">T\u00e9l\u00e9charger<\/a><\/div>\n\n\n\n<div class=\"wp-block-file\"><a id=\"wp-block-file--media-a3c92d8e-30d8-4538-a0b2-1ed3149abc09\" href=\"https:\/\/conjumine.com\/wp-content\/uploads\/2025\/03\/Histoire-de-Conjumine.jpg\">Affiche Histoire de Conjumine<\/a><a href=\"https:\/\/conjumine.com\/wp-content\/uploads\/2025\/03\/Histoire-de-Conjumine.jpg\" class=\"wp-block-file__button wp-element-button\" download aria-describedby=\"wp-block-file--media-a3c92d8e-30d8-4538-a0b2-1ed3149abc09\">T\u00e9l\u00e9charger<\/a><\/div>\n\n\n\n<p class=\"has-small-font-size\">Les affiches sont \u00e0 afficher dans la classe pour servir de rappel lors des exercices d&rsquo;entrainement. <\/p>\n","protected":false},"excerpt":{"rendered":"<p>Il est int\u00e9ressant de parcourir le livre du maitre pour avoir des compl\u00e9ments d&rsquo;informations sur la m\u00e9thode. Il faut un livret d&rsquo;aide pour chaque \u00e9l\u00e8ve. Le jeu des diamants est un jeu d&rsquo;entrainement ludique. Les affiches sont \u00e0 afficher dans la classe pour servir de rappel lors des exercices d&rsquo;entrainement.<\/p>\n","protected":false},"author":1,"featured_media":0,"parent":0,"menu_order":0,"comment_status":"closed","ping_status":"closed","template":"","meta":{"footnotes":""},"class_list":["post-107","page","type-page","status-publish","hentry"],"_links":{"self":[{"href":"https:\/\/conjumine.com\/index.php?rest_route=\/wp\/v2\/pages\/107","targetHints":{"allow":["GET"]}}],"collection":[{"href":"https:\/\/conjumine.com\/index.php?rest_route=\/wp\/v2\/pages"}],"about":[{"href":"https:\/\/conjumine.com\/index.php?rest_route=\/wp\/v2\/types\/page"}],"author":[{"embeddable":true,"href":"https:\/\/conjumine.com\/index.php?rest_route=\/wp\/v2\/users\/1"}],"replies":[{"embeddable":true,"href":"https:\/\/conjumine.com\/index.php?rest_route=%2Fwp%2Fv2%2Fcomments&post=107"}],"version-history":[{"count":8,"href":"https:\/\/conjumine.com\/index.php?rest_route=\/wp\/v2\/pages\/107\/revisions"}],"predecessor-version":[{"id":201,"href":"https:\/\/conjumine.com\/index.php?rest_route=\/wp\/v2\/pages\/107\/revisions\/201"}],"wp:attachment":[{"href":"https:\/\/conjumine.com\/index.php?rest_route=%2Fwp%2Fv2%2Fmedia&parent=107"}],"curies":[{"name":"wp","href":"https:\/\/api.w.org\/{rel}","templated":true}]}}