{"id":104,"date":"2025-02-23T17:03:43","date_gmt":"2025-02-23T16:03:43","guid":{"rendered":"https:\/\/conjumine.com\/?page_id=104"},"modified":"2025-03-24T17:13:53","modified_gmt":"2025-03-24T16:13:53","slug":"nous","status":"publish","type":"page","link":"https:\/\/conjumine.com\/?page_id=104","title":{"rendered":"NOUS"},"content":{"rendered":"\n<div class=\"wp-block-media-text is-stacked-on-mobile\"><figure class=\"wp-block-media-text__media\"><img loading=\"lazy\" decoding=\"async\" width=\"524\" height=\"742\" src=\"https:\/\/conjumine.com\/wp-content\/uploads\/2025\/03\/NOUS.jpg\" alt=\"\" class=\"wp-image-154 size-full\" srcset=\"https:\/\/conjumine.com\/wp-content\/uploads\/2025\/03\/NOUS.jpg 524w, https:\/\/conjumine.com\/wp-content\/uploads\/2025\/03\/NOUS-212x300.jpg 212w\" sizes=\"auto, (max-width: 524px) 100vw, 524px\" \/><\/figure><div class=\"wp-block-media-text__content\">\n<p><strong><u>Rappel\u00a0<\/u><\/strong>: Il existe un livre du ma\u00eetre qu\u2019il est int\u00e9ressant de parcourir avant de se lancer dans la m\u00e9thode. Vous pouvez le t\u00e9l\u00e9charger dans l&rsquo;onglet Ressources.<\/p>\n\n\n\n<p><strong><u>Objectifs&nbsp;:<\/u><\/strong><\/p>\n\n\n\n<ul class=\"wp-block-list\">\n<li>Lancement du projet Conjumine<\/li>\n<\/ul>\n\n\n\n<p>\u00c9tude du fonctionnement des verbes avec le pronom NOUS<\/p>\n<\/div><\/div>\n\n\n\n<div class=\"wp-block-file\"><a id=\"wp-block-file--media-8e2626a1-cf02-474a-a21b-d7eb875d02f9\" href=\"https:\/\/conjumine.com\/wp-content\/uploads\/2025\/03\/feuille-de-route-1-NOUS.docx\">feuille de route 1 NOUS<\/a><a href=\"https:\/\/conjumine.com\/wp-content\/uploads\/2025\/03\/feuille-de-route-1-NOUS.docx\" class=\"wp-block-file__button wp-element-button\" download aria-describedby=\"wp-block-file--media-8e2626a1-cf02-474a-a21b-d7eb875d02f9\">T\u00e9l\u00e9charger<\/a><\/div>\n\n\n\n<div class=\"wp-block-file\"><a id=\"wp-block-file--media-9acf70bd-b4b5-4fda-92e3-9db91cc79944\" href=\"https:\/\/conjumine.com\/wp-content\/uploads\/2025\/03\/cartes-de-tri-NOUS.doc\">cartes de tri NOUS<\/a><a href=\"https:\/\/conjumine.com\/wp-content\/uploads\/2025\/03\/cartes-de-tri-NOUS.doc\" class=\"wp-block-file__button wp-element-button\" download aria-describedby=\"wp-block-file--media-9acf70bd-b4b5-4fda-92e3-9db91cc79944\">T\u00e9l\u00e9charger<\/a><\/div>\n\n\n\n<div class=\"wp-block-file\"><a id=\"wp-block-file--media-3561dbec-eba1-4b84-bf5e-bdb06e3a3fa1\" href=\"https:\/\/conjumine.com\/wp-content\/uploads\/2025\/03\/NOUS.jpg\">Affiche NOUS<\/a><a href=\"https:\/\/conjumine.com\/wp-content\/uploads\/2025\/03\/NOUS.jpg\" class=\"wp-block-file__button wp-element-button\" download aria-describedby=\"wp-block-file--media-3561dbec-eba1-4b84-bf5e-bdb06e3a3fa1\">T\u00e9l\u00e9charger<\/a><\/div>\n","protected":false},"excerpt":{"rendered":"","protected":false},"author":1,"featured_media":0,"parent":0,"menu_order":0,"comment_status":"closed","ping_status":"closed","template":"","meta":{"footnotes":""},"class_list":["post-104","page","type-page","status-publish","hentry"],"_links":{"self":[{"href":"https:\/\/conjumine.com\/index.php?rest_route=\/wp\/v2\/pages\/104","targetHints":{"allow":["GET"]}}],"collection":[{"href":"https:\/\/conjumine.com\/index.php?rest_route=\/wp\/v2\/pages"}],"about":[{"href":"https:\/\/conjumine.com\/index.php?rest_route=\/wp\/v2\/types\/page"}],"author":[{"embeddable":true,"href":"https:\/\/conjumine.com\/index.php?rest_route=\/wp\/v2\/users\/1"}],"replies":[{"embeddable":true,"href":"https:\/\/conjumine.com\/index.php?rest_route=%2Fwp%2Fv2%2Fcomments&post=104"}],"version-history":[{"count":6,"href":"https:\/\/conjumine.com\/index.php?rest_route=\/wp\/v2\/pages\/104\/revisions"}],"predecessor-version":[{"id":197,"href":"https:\/\/conjumine.com\/index.php?rest_route=\/wp\/v2\/pages\/104\/revisions\/197"}],"wp:attachment":[{"href":"https:\/\/conjumine.com\/index.php?rest_route=%2Fwp%2Fv2%2Fmedia&parent=104"}],"curies":[{"name":"wp","href":"https:\/\/api.w.org\/{rel}","templated":true}]}}